{"id":6789,"date":"2022-07-13T19:07:04","date_gmt":"2022-07-13T17:07:04","guid":{"rendered":"http:\/\/engler-arenaoptimizer.com\/?page_id=6789"},"modified":"2023-03-14T06:22:12","modified_gmt":"2023-03-14T05:22:12","slug":"startseite","status":"publish","type":"page","link":"https:\/\/engler-arenaoptimizer.com\/en\/","title":{"rendered":"Home page"},"content":{"rendered":"\t\t<div data-elementor-type=\"wp-page\" data-elementor-id=\"6789\" class=\"elementor elementor-6789\">\n\t\t\t\t\t\t\t\t\t<section class=\"elementor-section elementor-top-section elementor-element elementor-element-da680c8 elementor-section-boxed elementor-section-height-default elementor-section-height-default\" data-id=\"da680c8\" data-element_type=\"section\">\n\t\t\t\t\t\t<div class=\"elementor-container elementor-column-gap-default\">\n\t\t\t\t\t<div class=\"elementor-column elementor-col-100 elementor-top-column elementor-element elementor-element-d715f86\" data-id=\"d715f86\" data-element_type=\"column\">\n\t\t\t<div class=\"elementor-widget-wrap elementor-element-populated\">\n\t\t\t\t\t\t\t\t<div class=\"elementor-element elementor-element-f04f5c3 elementor-widget elementor-widget-spacer\" data-id=\"f04f5c3\" data-element_type=\"widget\" data-widget_type=\"spacer.default\">\n\t\t\t\t<div class=\"elementor-widget-container\">\n\t\t\t<style>\/*! elementor - v3.7.1 - 14-08-2022 *\/\n.elementor-column .elementor-spacer-inner{height:var(--spacer-size)}.e-container{--container-widget-width:100%}.e-container>.elementor-widget-spacer{width:var(--container-widget-width,var(--spacer-size));-ms-flex-item-align:stretch;align-self:stretch;-ms-flex-negative:0;flex-shrink:0}.e-container>.elementor-widget-spacer>.elementor-widget-container,.e-container>.elementor-widget-spacer>.elementor-widget-container>.elementor-spacer{height:100%}.e-container>.elementor-widget-spacer>.elementor-widget-container>.elementor-spacer>.elementor-spacer-inner{height:var(--container-widget-height,var(--spacer-size))}<\/style>\t\t<div class=\"elementor-spacer\">\n\t\t\t<div class=\"elementor-spacer-inner\"><\/div>\n\t\t<\/div>\n\t\t\t\t<\/div>\n\t\t\t\t<\/div>\n\t\t\t\t\t<\/div>\n\t\t<\/div>\n\t\t\t\t\t\t\t<\/div>\n\t\t<\/section>\n\t\t\t\t<section class=\"elementor-section elementor-top-section elementor-element elementor-element-ecbc9e0 elementor-section-boxed elementor-section-height-default elementor-section-height-default\" data-id=\"ecbc9e0\" data-element_type=\"section\">\n\t\t\t\t\t\t<div class=\"elementor-container elementor-column-gap-default\">\n\t\t\t\t\t<div class=\"elementor-column elementor-col-100 elementor-top-column elementor-element elementor-element-62dfded\" data-id=\"62dfded\" data-element_type=\"column\">\n\t\t\t<div class=\"elementor-widget-wrap elementor-element-populated\">\n\t\t\t\t\t\t\t\t<div class=\"elementor-element elementor-element-fdca036 elementor-widget__width-inherit elementor-widget elementor-widget-image\" data-id=\"fdca036\" data-element_type=\"widget\" data-widget_type=\"image.default\">\n\t\t\t\t<div class=\"elementor-widget-container\">\n\t\t\t<style>\/*! elementor - v3.7.1 - 14-08-2022 *\/\n.elementor-widget-image{text-align:center}.elementor-widget-image a{display:inline-block}.elementor-widget-image a img[src$=\".svg\"]{width:48px}.elementor-widget-image img{vertical-align:middle;display:inline-block}<\/style>\t\t\t\t\t\t\t\t\t\t\t\t<img width=\"1024\" height=\"682\" src=\"https:\/\/engler-arenaoptimizer.com\/wp-content\/uploads\/2022\/08\/EAO_startseite-1024x682.png\" class=\"attachment-large size-large\" alt=\"\" loading=\"lazy\" srcset=\"https:\/\/engler-arenaoptimizer.com\/wp-content\/uploads\/2022\/08\/EAO_startseite-1024x682.png 1024w, https:\/\/engler-arenaoptimizer.com\/wp-content\/uploads\/2022\/08\/EAO_startseite-300x200.png 300w, https:\/\/engler-arenaoptimizer.com\/wp-content\/uploads\/2022\/08\/EAO_startseite-768x512.png 768w, https:\/\/engler-arenaoptimizer.com\/wp-content\/uploads\/2022\/08\/EAO_startseite-1536x1023.png 1536w, https:\/\/engler-arenaoptimizer.com\/wp-content\/uploads\/2022\/08\/EAO_startseite-18x12.png 18w, https:\/\/engler-arenaoptimizer.com\/wp-content\/uploads\/2022\/08\/EAO_startseite.png 1686w\" sizes=\"(max-width: 1024px) 100vw, 1024px\" \/>\t\t\t\t\t\t\t\t\t\t\t\t\t\t\t<\/div>\n\t\t\t\t<\/div>\n\t\t\t\t\t<\/div>\n\t\t<\/div>\n\t\t\t\t\t\t\t<\/div>\n\t\t<\/section>\n\t\t\t\t<section class=\"elementor-section elementor-top-section elementor-element elementor-element-e120f44 elementor-section-boxed elementor-section-height-default elementor-section-height-default\" data-id=\"e120f44\" data-element_type=\"section\">\n\t\t\t\t\t\t<div class=\"elementor-container elementor-column-gap-default\">\n\t\t\t\t\t<div class=\"elementor-column elementor-col-100 elementor-top-column elementor-element elementor-element-36d93e9\" data-id=\"36d93e9\" data-element_type=\"column\">\n\t\t\t<div class=\"elementor-widget-wrap elementor-element-populated\">\n\t\t\t\t\t\t\t\t<div class=\"elementor-element elementor-element-6c55a15 elementor-widget elementor-widget-spacer\" data-id=\"6c55a15\" data-element_type=\"widget\" data-widget_type=\"spacer.default\">\n\t\t\t\t<div class=\"elementor-widget-container\">\n\t\t\t\t\t<div class=\"elementor-spacer\">\n\t\t\t<div class=\"elementor-spacer-inner\"><\/div>\n\t\t<\/div>\n\t\t\t\t<\/div>\n\t\t\t\t<\/div>\n\t\t\t\t\t<\/div>\n\t\t<\/div>\n\t\t\t\t\t\t\t<\/div>\n\t\t<\/section>\n\t\t\t\t<section class=\"elementor-section elementor-top-section elementor-element elementor-element-fc1689a elementor-section-boxed elementor-section-height-default elementor-section-height-default\" data-id=\"fc1689a\" data-element_type=\"section\">\n\t\t\t\t\t\t<div class=\"elementor-container elementor-column-gap-default\">\n\t\t\t\t\t<div class=\"elementor-column elementor-col-20 elementor-top-column elementor-element elementor-element-3f92335\" data-id=\"3f92335\" data-element_type=\"column\">\n\t\t\t<div class=\"elementor-widget-wrap elementor-element-populated\">\n\t\t\t\t\t\t\t\t<div class=\"elementor-element elementor-element-cba7e58 elementor-widget elementor-widget-heading\" data-id=\"cba7e58\" data-element_type=\"widget\" data-widget_type=\"heading.default\">\n\t\t\t\t<div class=\"elementor-widget-container\">\n\t\t\t<style>\/*! elementor - v3.7.1 - 14-08-2022 *\/\n.elementor-heading-title{padding:0;margin:0;line-height:1}.elementor-widget-heading .elementor-heading-title[class*=elementor-size-]>a{color:inherit;font-size:inherit;line-height:inherit}.elementor-widget-heading .elementor-heading-title.elementor-size-small{font-size:15px}.elementor-widget-heading .elementor-heading-title.elementor-size-medium{font-size:19px}.elementor-widget-heading .elementor-heading-title.elementor-size-large{font-size:29px}.elementor-widget-heading .elementor-heading-title.elementor-size-xl{font-size:39px}.elementor-widget-heading .elementor-heading-title.elementor-size-xxl{font-size:59px}<\/style><h2 class=\"elementor-heading-title elementor-size-default\">Pr\u00e4zision<\/h2>\t\t<\/div>\n\t\t\t\t<\/div>\n\t\t\t\t<div class=\"elementor-element elementor-element-ff09def elementor-widget elementor-widget-text-editor\" data-id=\"ff09def\" data-element_type=\"widget\" data-widget_type=\"text-editor.default\">\n\t\t\t\t<div class=\"elementor-widget-container\">\n\t\t\t<style>\/*! elementor - v3.7.1 - 14-08-2022 *\/\n.elementor-widget-text-editor.elementor-drop-cap-view-stacked .elementor-drop-cap{background-color:#818a91;color:#fff}.elementor-widget-text-editor.elementor-drop-cap-view-framed .elementor-drop-cap{color:#818a91;border:3px solid;background-color:transparent}.elementor-widget-text-editor:not(.elementor-drop-cap-view-default) .elementor-drop-cap{margin-top:8px}.elementor-widget-text-editor:not(.elementor-drop-cap-view-default) .elementor-drop-cap-letter{width:1em;height:1em}.elementor-widget-text-editor .elementor-drop-cap{float:left;text-align:center;line-height:1;font-size:50px}.elementor-widget-text-editor .elementor-drop-cap-letter{display:inline-block}<\/style>\t\t\t\t<p>Ein Hauptmerkmal unseres Produktes ist ein m\u00f6glichst geringeres Spiel der Deichsel. Dadurch kann die Ebenheit des Reitplatzbodens erheblich verbessert werden. Au\u00dferdem reduziert dies ein Aufschaukeln der Maschine bei hohen Arbeitsgeschwindigkeiten.<\/p>\t\t\t\t\t\t<\/div>\n\t\t\t\t<\/div>\n\t\t\t\t\t<\/div>\n\t\t<\/div>\n\t\t\t\t<div class=\"elementor-column elementor-col-20 elementor-top-column elementor-element elementor-element-61baf3e\" data-id=\"61baf3e\" data-element_type=\"column\">\n\t\t\t<div class=\"elementor-widget-wrap elementor-element-populated\">\n\t\t\t\t\t\t\t\t<div class=\"elementor-element elementor-element-22e79b2 elementor-widget elementor-widget-spacer\" data-id=\"22e79b2\" data-element_type=\"widget\" data-widget_type=\"spacer.default\">\n\t\t\t\t<div class=\"elementor-widget-container\">\n\t\t\t\t\t<div class=\"elementor-spacer\">\n\t\t\t<div class=\"elementor-spacer-inner\"><\/div>\n\t\t<\/div>\n\t\t\t\t<\/div>\n\t\t\t\t<\/div>\n\t\t\t\t\t<\/div>\n\t\t<\/div>\n\t\t\t\t<div class=\"elementor-column elementor-col-20 elementor-top-column elementor-element elementor-element-7549e96\" data-id=\"7549e96\" data-element_type=\"column\">\n\t\t\t<div class=\"elementor-widget-wrap elementor-element-populated\">\n\t\t\t\t\t\t\t\t<div class=\"elementor-element elementor-element-7468348 elementor-widget elementor-widget-heading\" data-id=\"7468348\" data-element_type=\"widget\" data-widget_type=\"heading.default\">\n\t\t\t\t<div class=\"elementor-widget-container\">\n\t\t\t<h2 class=\"elementor-heading-title elementor-size-default\">Qualit\u00e4t<\/h2>\t\t<\/div>\n\t\t\t\t<\/div>\n\t\t\t\t<div class=\"elementor-element elementor-element-d66cf7f elementor-widget elementor-widget-text-editor\" data-id=\"d66cf7f\" data-element_type=\"widget\" data-widget_type=\"text-editor.default\">\n\t\t\t\t<div class=\"elementor-widget-container\">\n\t\t\t\t\t\t\t<p>Bei der Auswahl aller Komponenten wird auf hohe Qualit\u00e4t und Langlebigkeit geachtet. Deshalb sind alle Lager mit Fett schmierbar, was die Lebensdauer enorm verl\u00e4ngert.\u00a0<\/p>\t\t\t\t\t\t<\/div>\n\t\t\t\t<\/div>\n\t\t\t\t\t<\/div>\n\t\t<\/div>\n\t\t\t\t<div class=\"elementor-column elementor-col-20 elementor-top-column elementor-element elementor-element-e20be0c\" data-id=\"e20be0c\" data-element_type=\"column\">\n\t\t\t<div class=\"elementor-widget-wrap elementor-element-populated\">\n\t\t\t\t\t\t\t\t<div class=\"elementor-element elementor-element-863dc12 elementor-widget elementor-widget-spacer\" data-id=\"863dc12\" data-element_type=\"widget\" data-widget_type=\"spacer.default\">\n\t\t\t\t<div class=\"elementor-widget-container\">\n\t\t\t\t\t<div class=\"elementor-spacer\">\n\t\t\t<div class=\"elementor-spacer-inner\"><\/div>\n\t\t<\/div>\n\t\t\t\t<\/div>\n\t\t\t\t<\/div>\n\t\t\t\t\t<\/div>\n\t\t<\/div>\n\t\t\t\t<div class=\"elementor-column elementor-col-20 elementor-top-column elementor-element elementor-element-df55b32\" data-id=\"df55b32\" data-element_type=\"column\">\n\t\t\t<div class=\"elementor-widget-wrap elementor-element-populated\">\n\t\t\t\t\t\t\t\t<div class=\"elementor-element elementor-element-f5875e6 elementor-widget elementor-widget-heading\" data-id=\"f5875e6\" data-element_type=\"widget\" data-widget_type=\"heading.default\">\n\t\t\t\t<div class=\"elementor-widget-container\">\n\t\t\t<h2 class=\"elementor-heading-title elementor-size-default\">Individualit\u00e4t<\/h2>\t\t<\/div>\n\t\t\t\t<\/div>\n\t\t\t\t<div class=\"elementor-element elementor-element-f818605 elementor-widget elementor-widget-text-editor\" data-id=\"f818605\" data-element_type=\"widget\" data-widget_type=\"text-editor.default\">\n\t\t\t\t<div class=\"elementor-widget-container\">\n\t\t\t\t\t\t\t<p>Der Kunde hat die M\u00f6glichkeit, die\u00a0 Farbe der &#8222;Akzentteile&#8220; der Maschine ohne Aufpreis auszuw\u00e4hlen. Au\u00dferdem k\u00f6nnen noch Zusatzoption gegen Aufpreis ausgew\u00e4hlt werden.<\/p>\t\t\t\t\t\t<\/div>\n\t\t\t\t<\/div>\n\t\t\t\t\t<\/div>\n\t\t<\/div>\n\t\t\t\t\t\t\t<\/div>\n\t\t<\/section>\n\t\t\t\t<section class=\"elementor-section elementor-top-section elementor-element elementor-element-e0144ba elementor-section-boxed elementor-section-height-default elementor-section-height-default\" data-id=\"e0144ba\" data-element_type=\"section\">\n\t\t\t\t\t\t<div class=\"elementor-container elementor-column-gap-default\">\n\t\t\t\t\t<div class=\"elementor-column elementor-col-100 elementor-top-column elementor-element elementor-element-a8218b9\" data-id=\"a8218b9\" data-element_type=\"column\">\n\t\t\t<div class=\"elementor-widget-wrap elementor-element-populated\">\n\t\t\t\t\t\t\t\t<div class=\"elementor-element elementor-element-83a3348 elementor-widget elementor-widget-spacer\" data-id=\"83a3348\" data-element_type=\"widget\" data-widget_type=\"spacer.default\">\n\t\t\t\t<div class=\"elementor-widget-container\">\n\t\t\t\t\t<div class=\"elementor-spacer\">\n\t\t\t<div class=\"elementor-spacer-inner\"><\/div>\n\t\t<\/div>\n\t\t\t\t<\/div>\n\t\t\t\t<\/div>\n\t\t\t\t<div class=\"elementor-element elementor-element-c1d2d39 elementor-aspect-ratio-169 elementor-widget elementor-widget-video\" data-id=\"c1d2d39\" data-element_type=\"widget\" data-settings=\"{&quot;youtube_url&quot;:&quot;https:\\\/\\\/www.youtube.com\\\/watch?v=rN7wrWbhH50&amp;t=3s&quot;,&quot;video_type&quot;:&quot;youtube&quot;,&quot;controls&quot;:&quot;yes&quot;,&quot;aspect_ratio&quot;:&quot;169&quot;}\" data-widget_type=\"video.default\">\n\t\t\t\t<div class=\"elementor-widget-container\">\n\t\t\t<style>\/*! elementor - v3.7.1 - 14-08-2022 *\/\n.elementor-widget-video .elementor-widget-container{overflow:hidden;-webkit-transform:translateZ(0);transform:translateZ(0)}.elementor-widget-video .elementor-open-inline .elementor-custom-embed-image-overlay{position:absolute;top:0;left:0;width:100%;height:100%;background-size:cover;background-position:50%}.elementor-widget-video .elementor-custom-embed-image-overlay{cursor:pointer;text-align:center}.elementor-widget-video .elementor-custom-embed-image-overlay:hover .elementor-custom-embed-play i{opacity:1}.elementor-widget-video .elementor-custom-embed-image-overlay img{display:block;width:100%}.elementor-widget-video .e-hosted-video .elementor-video{-o-object-fit:cover;object-fit:cover}.e-container>.elementor-widget-video{width:var(--container-widget-width,100%)}<\/style>\t\t<div class=\"elementor-wrapper elementor-fit-aspect-ratio elementor-open-inline\">\n\t\t\t<div class=\"elementor-video\"><\/div>\t\t<\/div>\n\t\t\t\t<\/div>\n\t\t\t\t<\/div>\n\t\t\t\t\t<\/div>\n\t\t<\/div>\n\t\t\t\t\t\t\t<\/div>\n\t\t<\/section>\n\t\t\t\t\t\t\t<\/div>\n\t\t","protected":false},"excerpt":{"rendered":"<p>Pr\u00e4zision Ein Hauptmerkmal unseres Produktes ist ein m\u00f6glichst geringeres Spiel der Deichsel. Dadurch kann die Ebenheit des Reitplatzbodens erheblich verbessert werden. Au\u00dferdem reduziert dies ein Aufschaukeln der Maschine bei hohen Arbeitsgeschwindigkeiten. Qualit\u00e4t Bei der Auswahl aller Komponenten wird auf hohe Qualit\u00e4t und Langlebigkeit geachtet. Deshalb sind alle Lager mit Fett schmierbar, was die Lebensdauer enorm [&hellip;]<\/p>\n","protected":false},"author":1,"featured_media":0,"parent":0,"menu_order":0,"comment_status":"closed","ping_status":"closed","template":"","meta":{"_monsterinsights_skip_tracking":false,"_monsterinsights_sitenote_active":false,"_monsterinsights_sitenote_note":"","_monsterinsights_sitenote_category":0},"yoast_head":"<!-- This site is optimized with the Yoast SEO plugin v19.5.1 - https:\/\/yoast.com\/wordpress\/plugins\/seo\/ -->\n<title>Startseite - Engler Arenaoptimizer<\/title>\n<meta name=\"robots\" content=\"index, follow, max-snippet:-1, max-image-preview:large, max-video-preview:-1\" \/>\n<link rel=\"canonical\" href=\"https:\/\/engler-arenaoptimizer.com\/en\/\" \/>\n<meta property=\"og:locale\" content=\"en_US\" \/>\n<meta property=\"og:type\" content=\"article\" \/>\n<meta property=\"og:title\" content=\"Startseite - Engler Arenaoptimizer\" \/>\n<meta property=\"og:description\" content=\"Pr\u00e4zision Ein Hauptmerkmal unseres Produktes ist ein m\u00f6glichst geringeres Spiel der Deichsel. Dadurch kann die Ebenheit des Reitplatzbodens erheblich verbessert werden. Au\u00dferdem reduziert dies ein Aufschaukeln der Maschine bei hohen Arbeitsgeschwindigkeiten. Qualit\u00e4t Bei der Auswahl aller Komponenten wird auf hohe Qualit\u00e4t und Langlebigkeit geachtet. Deshalb sind alle Lager mit Fett schmierbar, was die Lebensdauer enorm [&hellip;]\" \/>\n<meta property=\"og:url\" content=\"https:\/\/engler-arenaoptimizer.com\/en\/\" \/>\n<meta property=\"og:site_name\" content=\"Engler Arenaoptimizer\" \/>\n<meta property=\"article:publisher\" content=\"https:\/\/www.facebook.com\/profile.php?id=100084053844643\" \/>\n<meta property=\"article:modified_time\" content=\"2023-03-14T05:22:12+00:00\" \/>\n<meta property=\"og:image\" content=\"http:\/\/engler-arenaoptimizer.com\/wp-content\/uploads\/2022\/08\/EAO_startseite-1024x682.png\" \/>\n<meta name=\"twitter:card\" content=\"summary_large_image\" \/>\n<meta name=\"twitter:label1\" content=\"Est. reading time\" \/>\n\t<meta name=\"twitter:data1\" content=\"1 minute\" \/>\n<script type=\"application\/ld+json\" class=\"yoast-schema-graph\">{\"@context\":\"https:\/\/schema.org\",\"@graph\":[{\"@type\":\"WebPage\",\"@id\":\"https:\/\/engler-arenaoptimizer.com\/\",\"url\":\"https:\/\/engler-arenaoptimizer.com\/\",\"name\":\"Startseite - Engler Arenaoptimizer\",\"isPartOf\":{\"@id\":\"https:\/\/engler-arenaoptimizer.com\/#website\"},\"datePublished\":\"2022-07-13T17:07:04+00:00\",\"dateModified\":\"2023-03-14T05:22:12+00:00\",\"breadcrumb\":{\"@id\":\"https:\/\/engler-arenaoptimizer.com\/#breadcrumb\"},\"inLanguage\":\"en-US\",\"potentialAction\":[{\"@type\":\"ReadAction\",\"target\":[\"https:\/\/engler-arenaoptimizer.com\/\"]}]},{\"@type\":\"BreadcrumbList\",\"@id\":\"https:\/\/engler-arenaoptimizer.com\/#breadcrumb\",\"itemListElement\":[{\"@type\":\"ListItem\",\"position\":1,\"name\":\"Startseite\",\"item\":\"https:\/\/engler-arenaoptimizer.com\/\"},{\"@type\":\"ListItem\",\"position\":2,\"name\":\"Startseite\"}]},{\"@type\":\"WebSite\",\"@id\":\"https:\/\/engler-arenaoptimizer.com\/#website\",\"url\":\"https:\/\/engler-arenaoptimizer.com\/\",\"name\":\"Engler Arenaoptimizer\",\"description\":\"\",\"publisher\":{\"@id\":\"https:\/\/engler-arenaoptimizer.com\/#organization\"},\"potentialAction\":[{\"@type\":\"SearchAction\",\"target\":{\"@type\":\"EntryPoint\",\"urlTemplate\":\"https:\/\/engler-arenaoptimizer.com\/?s={search_term_string}\"},\"query-input\":\"required name=search_term_string\"}],\"inLanguage\":\"en-US\"},{\"@type\":\"Organization\",\"@id\":\"https:\/\/engler-arenaoptimizer.com\/#organization\",\"name\":\"Engler Arenaoptimizer\",\"url\":\"https:\/\/engler-arenaoptimizer.com\/\",\"sameAs\":[\"https:\/\/www.instagram.com\/engler_arenaoptimizer\/\",\"https:\/\/www.facebook.com\/profile.php?id=100084053844643\"],\"logo\":{\"@type\":\"ImageObject\",\"inLanguage\":\"en-US\",\"@id\":\"https:\/\/engler-arenaoptimizer.com\/#\/schema\/logo\/image\/\",\"url\":\"https:\/\/engler-arenaoptimizer.com\/wp-content\/uploads\/2022\/07\/cropped-cropped-LogoNeu.jpg\",\"contentUrl\":\"https:\/\/engler-arenaoptimizer.com\/wp-content\/uploads\/2022\/07\/cropped-cropped-LogoNeu.jpg\",\"width\":1182,\"height\":473,\"caption\":\"Engler Arenaoptimizer\"},\"image\":{\"@id\":\"https:\/\/engler-arenaoptimizer.com\/#\/schema\/logo\/image\/\"}}]}<\/script>\n<!-- \/ Yoast SEO plugin. -->","yoast_head_json":{"title":"Startseite - Engler Arenaoptimizer","robots":{"index":"index","follow":"follow","max-snippet":"max-snippet:-1","max-image-preview":"max-image-preview:large","max-video-preview":"max-video-preview:-1"},"canonical":"https:\/\/engler-arenaoptimizer.com\/en\/","og_locale":"en_US","og_type":"article","og_title":"Startseite - Engler Arenaoptimizer","og_description":"Pr\u00e4zision Ein Hauptmerkmal unseres Produktes ist ein m\u00f6glichst geringeres Spiel der Deichsel. Dadurch kann die Ebenheit des Reitplatzbodens erheblich verbessert werden. Au\u00dferdem reduziert dies ein Aufschaukeln der Maschine bei hohen Arbeitsgeschwindigkeiten. Qualit\u00e4t Bei der Auswahl aller Komponenten wird auf hohe Qualit\u00e4t und Langlebigkeit geachtet. Deshalb sind alle Lager mit Fett schmierbar, was die Lebensdauer enorm [&hellip;]","og_url":"https:\/\/engler-arenaoptimizer.com\/en\/","og_site_name":"Engler Arenaoptimizer","article_publisher":"https:\/\/www.facebook.com\/profile.php?id=100084053844643","article_modified_time":"2023-03-14T05:22:12+00:00","og_image":[{"url":"http:\/\/engler-arenaoptimizer.com\/wp-content\/uploads\/2022\/08\/EAO_startseite-1024x682.png"}],"twitter_card":"summary_large_image","twitter_misc":{"Est. reading time":"1 minute"},"schema":{"@context":"https:\/\/schema.org","@graph":[{"@type":"WebPage","@id":"https:\/\/engler-arenaoptimizer.com\/","url":"https:\/\/engler-arenaoptimizer.com\/","name":"Startseite - Engler Arenaoptimizer","isPartOf":{"@id":"https:\/\/engler-arenaoptimizer.com\/#website"},"datePublished":"2022-07-13T17:07:04+00:00","dateModified":"2023-03-14T05:22:12+00:00","breadcrumb":{"@id":"https:\/\/engler-arenaoptimizer.com\/#breadcrumb"},"inLanguage":"en-US","potentialAction":[{"@type":"ReadAction","target":["https:\/\/engler-arenaoptimizer.com\/"]}]},{"@type":"BreadcrumbList","@id":"https:\/\/engler-arenaoptimizer.com\/#breadcrumb","itemListElement":[{"@type":"ListItem","position":1,"name":"Startseite","item":"https:\/\/engler-arenaoptimizer.com\/"},{"@type":"ListItem","position":2,"name":"Startseite"}]},{"@type":"WebSite","@id":"https:\/\/engler-arenaoptimizer.com\/#website","url":"https:\/\/engler-arenaoptimizer.com\/","name":"Engler Arenaoptimizer","description":"","publisher":{"@id":"https:\/\/engler-arenaoptimizer.com\/#organization"},"potentialAction":[{"@type":"SearchAction","target":{"@type":"EntryPoint","urlTemplate":"https:\/\/engler-arenaoptimizer.com\/?s={search_term_string}"},"query-input":"required name=search_term_string"}],"inLanguage":"en-US"},{"@type":"Organization","@id":"https:\/\/engler-arenaoptimizer.com\/#organization","name":"Engler Arenaoptimizer","url":"https:\/\/engler-arenaoptimizer.com\/","sameAs":["https:\/\/www.instagram.com\/engler_arenaoptimizer\/","https:\/\/www.facebook.com\/profile.php?id=100084053844643"],"logo":{"@type":"ImageObject","inLanguage":"en-US","@id":"https:\/\/engler-arenaoptimizer.com\/#\/schema\/logo\/image\/","url":"https:\/\/engler-arenaoptimizer.com\/wp-content\/uploads\/2022\/07\/cropped-cropped-LogoNeu.jpg","contentUrl":"https:\/\/engler-arenaoptimizer.com\/wp-content\/uploads\/2022\/07\/cropped-cropped-LogoNeu.jpg","width":1182,"height":473,"caption":"Engler Arenaoptimizer"},"image":{"@id":"https:\/\/engler-arenaoptimizer.com\/#\/schema\/logo\/image\/"}}]}},"_links":{"self":[{"href":"https:\/\/engler-arenaoptimizer.com\/en\/wp-json\/wp\/v2\/pages\/6789"}],"collection":[{"href":"https:\/\/engler-arenaoptimizer.com\/en\/wp-json\/wp\/v2\/pages"}],"about":[{"href":"https:\/\/engler-arenaoptimizer.com\/en\/wp-json\/wp\/v2\/types\/page"}],"author":[{"embeddable":true,"href":"https:\/\/engler-arenaoptimizer.com\/en\/wp-json\/wp\/v2\/users\/1"}],"replies":[{"embeddable":true,"href":"https:\/\/engler-arenaoptimizer.com\/en\/wp-json\/wp\/v2\/comments?post=6789"}],"version-history":[{"count":89,"href":"https:\/\/engler-arenaoptimizer.com\/en\/wp-json\/wp\/v2\/pages\/6789\/revisions"}],"predecessor-version":[{"id":7674,"href":"https:\/\/engler-arenaoptimizer.com\/en\/wp-json\/wp\/v2\/pages\/6789\/revisions\/7674"}],"wp:attachment":[{"href":"https:\/\/engler-arenaoptimizer.com\/en\/wp-json\/wp\/v2\/media?parent=6789"}],"curies":[{"name":"wp","href":"https:\/\/api.w.org\/{rel}","templated":true}]}}