{"id":6804,"date":"2022-07-14T06:34:50","date_gmt":"2022-07-14T04:34:50","guid":{"rendered":"http:\/\/engler-arenaoptimizer.com\/?page_id=6804"},"modified":"2022-08-16T18:06:54","modified_gmt":"2022-08-16T16:06:54","slug":"ueber-uns","status":"publish","type":"page","link":"https:\/\/engler-arenaoptimizer.com\/en\/ueber-uns\/","title":{"rendered":"About us"},"content":{"rendered":"\t\t<div data-elementor-type=\"wp-page\" data-elementor-id=\"6804\" class=\"elementor elementor-6804\">\n\t\t\t\t\t\t\t\t\t<section class=\"elementor-section elementor-top-section elementor-element elementor-element-70ecefd elementor-section-boxed elementor-section-height-default elementor-section-height-default\" data-id=\"70ecefd\" data-element_type=\"section\">\n\t\t\t\t\t\t<div class=\"elementor-container elementor-column-gap-default\">\n\t\t\t\t\t<div class=\"elementor-column elementor-col-100 elementor-top-column elementor-element elementor-element-d97476e\" data-id=\"d97476e\" data-element_type=\"column\">\n\t\t\t<div class=\"elementor-widget-wrap elementor-element-populated\">\n\t\t\t\t\t\t\t\t<div class=\"elementor-element elementor-element-54f30e7 elementor-widget elementor-widget-spacer\" data-id=\"54f30e7\" data-element_type=\"widget\" data-widget_type=\"spacer.default\">\n\t\t\t\t<div class=\"elementor-widget-container\">\n\t\t\t<style>\/*! elementor - v3.7.1 - 14-08-2022 *\/\n.elementor-column .elementor-spacer-inner{height:var(--spacer-size)}.e-container{--container-widget-width:100%}.e-container>.elementor-widget-spacer{width:var(--container-widget-width,var(--spacer-size));-ms-flex-item-align:stretch;align-self:stretch;-ms-flex-negative:0;flex-shrink:0}.e-container>.elementor-widget-spacer>.elementor-widget-container,.e-container>.elementor-widget-spacer>.elementor-widget-container>.elementor-spacer{height:100%}.e-container>.elementor-widget-spacer>.elementor-widget-container>.elementor-spacer>.elementor-spacer-inner{height:var(--container-widget-height,var(--spacer-size))}<\/style>\t\t<div class=\"elementor-spacer\">\n\t\t\t<div class=\"elementor-spacer-inner\"><\/div>\n\t\t<\/div>\n\t\t\t\t<\/div>\n\t\t\t\t<\/div>\n\t\t\t\t\t<\/div>\n\t\t<\/div>\n\t\t\t\t\t\t\t<\/div>\n\t\t<\/section>\n\t\t\t\t<section class=\"elementor-section elementor-top-section elementor-element elementor-element-4e1fda8 elementor-section-boxed elementor-section-height-default elementor-section-height-default\" data-id=\"4e1fda8\" data-element_type=\"section\">\n\t\t\t\t\t\t<div class=\"elementor-container elementor-column-gap-default\">\n\t\t\t\t\t<div class=\"elementor-column elementor-col-50 elementor-top-column elementor-element elementor-element-e3e64e5\" data-id=\"e3e64e5\" data-element_type=\"column\">\n\t\t\t<div class=\"elementor-widget-wrap elementor-element-populated\">\n\t\t\t\t\t\t\t\t<div class=\"elementor-element elementor-element-183b393 elementor-widget elementor-widget-spacer\" data-id=\"183b393\" data-element_type=\"widget\" data-widget_type=\"spacer.default\">\n\t\t\t\t<div class=\"elementor-widget-container\">\n\t\t\t\t\t<div class=\"elementor-spacer\">\n\t\t\t<div class=\"elementor-spacer-inner\"><\/div>\n\t\t<\/div>\n\t\t\t\t<\/div>\n\t\t\t\t<\/div>\n\t\t\t\t<div class=\"elementor-element elementor-element-81a961a elementor-widget elementor-widget-text-editor\" data-id=\"81a961a\" data-element_type=\"widget\" data-widget_type=\"text-editor.default\">\n\t\t\t\t<div class=\"elementor-widget-container\">\n\t\t\t<style>\/*! elementor - v3.7.1 - 14-08-2022 *\/\n.elementor-widget-text-editor.elementor-drop-cap-view-stacked .elementor-drop-cap{background-color:#818a91;color:#fff}.elementor-widget-text-editor.elementor-drop-cap-view-framed .elementor-drop-cap{color:#818a91;border:3px solid;background-color:transparent}.elementor-widget-text-editor:not(.elementor-drop-cap-view-default) .elementor-drop-cap{margin-top:8px}.elementor-widget-text-editor:not(.elementor-drop-cap-view-default) .elementor-drop-cap-letter{width:1em;height:1em}.elementor-widget-text-editor .elementor-drop-cap{float:left;text-align:center;line-height:1;font-size:50px}.elementor-widget-text-editor .elementor-drop-cap-letter{display:inline-block}<\/style>\t\t\t\t<p><b>\u201cEin perfekter Reitplatzboden f\u00fcr die Gesundheit von Pferd und Reiter ist meine Mission.\u201c<\/b><\/p>\n<p><span style=\"font-size: 14px; color: var( --e-global-color-text );\"><b>&#8211; Stephan Engler, Gesch\u00e4ftsinhaber &#8211;<\/b><\/span><\/p>\t\t\t\t\t\t<\/div>\n\t\t\t\t<\/div>\n\t\t\t\t\t<\/div>\n\t\t<\/div>\n\t\t\t\t<div class=\"elementor-column elementor-col-50 elementor-top-column elementor-element elementor-element-9578e87\" data-id=\"9578e87\" data-element_type=\"column\">\n\t\t\t<div class=\"elementor-widget-wrap elementor-element-populated\">\n\t\t\t\t\t\t\t\t<div class=\"elementor-element elementor-element-64ea5ce elementor-widget elementor-widget-image\" data-id=\"64ea5ce\" data-element_type=\"widget\" data-widget_type=\"image.default\">\n\t\t\t\t<div class=\"elementor-widget-container\">\n\t\t\t<style>\/*! elementor - v3.7.1 - 14-08-2022 *\/\n.elementor-widget-image{text-align:center}.elementor-widget-image a{display:inline-block}.elementor-widget-image a img[src$=\".svg\"]{width:48px}.elementor-widget-image img{vertical-align:middle;display:inline-block}<\/style>\t\t\t\t\t\t\t\t\t\t\t\t<img width=\"1024\" height=\"768\" src=\"https:\/\/engler-arenaoptimizer.com\/wp-content\/uploads\/2022\/08\/20211220_142429-1024x768.jpg\" class=\"attachment-large size-large\" alt=\"\" loading=\"lazy\" srcset=\"https:\/\/engler-arenaoptimizer.com\/wp-content\/uploads\/2022\/08\/20211220_142429-1024x768.jpg 1024w, https:\/\/engler-arenaoptimizer.com\/wp-content\/uploads\/2022\/08\/20211220_142429-300x225.jpg 300w, https:\/\/engler-arenaoptimizer.com\/wp-content\/uploads\/2022\/08\/20211220_142429-768x576.jpg 768w, https:\/\/engler-arenaoptimizer.com\/wp-content\/uploads\/2022\/08\/20211220_142429-1536x1152.jpg 1536w, https:\/\/engler-arenaoptimizer.com\/wp-content\/uploads\/2022\/08\/20211220_142429-2048x1536.jpg 2048w, https:\/\/engler-arenaoptimizer.com\/wp-content\/uploads\/2022\/08\/20211220_142429-16x12.jpg 16w\" sizes=\"(max-width: 1024px) 100vw, 1024px\" \/>\t\t\t\t\t\t\t\t\t\t\t\t\t\t\t<\/div>\n\t\t\t\t<\/div>\n\t\t\t\t\t<\/div>\n\t\t<\/div>\n\t\t\t\t\t\t\t<\/div>\n\t\t<\/section>\n\t\t\t\t<section class=\"elementor-section elementor-top-section elementor-element elementor-element-6e02dff elementor-section-boxed elementor-section-height-default elementor-section-height-default\" data-id=\"6e02dff\" data-element_type=\"section\">\n\t\t\t\t\t\t<div class=\"elementor-container elementor-column-gap-default\">\n\t\t\t\t\t<div class=\"elementor-column elementor-col-100 elementor-top-column elementor-element elementor-element-cd7cea5\" data-id=\"cd7cea5\" data-element_type=\"column\">\n\t\t\t<div class=\"elementor-widget-wrap\">\n\t\t\t\t\t\t\t\t\t<\/div>\n\t\t<\/div>\n\t\t\t\t\t\t\t<\/div>\n\t\t<\/section>\n\t\t\t\t<section class=\"elementor-section elementor-top-section elementor-element elementor-element-c7a90b1 elementor-section-boxed elementor-section-height-default elementor-section-height-default\" data-id=\"c7a90b1\" data-element_type=\"section\">\n\t\t\t\t\t\t<div class=\"elementor-container elementor-column-gap-default\">\n\t\t\t\t\t<div class=\"elementor-column elementor-col-50 elementor-top-column elementor-element elementor-element-6b89fd1\" data-id=\"6b89fd1\" data-element_type=\"column\">\n\t\t\t<div class=\"elementor-widget-wrap elementor-element-populated\">\n\t\t\t\t\t\t\t\t<div class=\"elementor-element elementor-element-a76f199 elementor-widget elementor-widget-text-editor\" data-id=\"a76f199\" data-element_type=\"widget\" data-widget_type=\"text-editor.default\">\n\t\t\t\t<div class=\"elementor-widget-container\">\n\t\t\t\t\t\t\t<p><b><u>Die Story<\/u><\/b><\/p>\n<p>S<b>tephan Engler<\/b> ist leidenschaftlicher Westernreiter. Pers\u00f6nliche negative Erfahrungen mit schlechten Reitplatzb\u00f6den lassen bei ihm die Idee reifen, selbst ein Ger\u00e4t f\u00fcr Reitplatzb\u00f6den zu entwickeln und zu bauen, welches diesem Qualit\u00e4tsanspruch gerecht werden soll.<\/p>\n<p>Der Startschuss fiel im Jahr 2010: W\u00e4hrend seiner Ausbildung zum <b>Landmaschinenmechaniker<\/b> konstruierte und fertigte Stephan Engler zusammen mit seinem Vater, auch Landmaschinenmechanikermeister und Hydrauliker,&nbsp;<span style=\"font-size: 14px; color: var( --e-global-color-text );\">den ersten EAO \u2013 <b>Engler Arena Optimizer<\/b> -.<\/span><\/p>\n<p>In nur einem Jahr bauten sie abends, an Wochenenden in einer kleinen Scheune den ersten EAO, begleitet von zahllosen Testfahrten bis der Reitplatzboden den perfekten Zielvorstellungen entsprach.&nbsp;<span style=\"font-size: 14px; color: var( --e-global-color-text );\">2010 am Dusty-Rose-Turnier der Familie Ketterer in Bonndorf&nbsp;<\/span><span style=\"font-size: 14px; color: var( --e-global-color-text );\">war die Pr\u00e4miere f\u00fcr den EAO. W\u00e4hrend dem mehrt\u00e4gigen Turnier stellte der EAO st\u00f6rungsfrei den optimalen Reitplatzboden bereit. Der EAO hatte seine 1.Bew\u00e4hrungsprobe bravour\u00f6s gemeistert und fand viel Lob und Beachtung. Seit 2011 bis heute ist der EAO bei auf der Dusty-Rose jeden Tag sehr erfolgreich im&nbsp;<\/span><span style=\"font-size: 14px; color: var( --e-global-color-text );\">Einsatz.<\/span><\/p>\n<p>In den Jahren 2012 bis 2020 war der EAO bei Stephan Engler immer pr\u00e4sent.<\/p>\n<p>Stephan Engler zog es 18 Monate nach Kanada und USA. In USA war er als Assistenztrainer auf der <b>Casey Deary <\/b>Ranch, Texas. Dort hatte er die M\u00f6glichkeit viele Reitplatzb\u00f6den bekannter Trainer der US- Westernreitszene zu testen und erlangte von den Profis viel Know how \u00fcber Aufbau, Material und Beschaffenheit von sehr guten Reitplatzb\u00f6den. Zur\u00fcck in Deutschland absolvierte er sein Maschinenbaustudium, das er 2020 mit dem <b>Bachelor of Engineering&nbsp;<\/b>abschloss.<\/p>\n<p>Fertig waren jetzt auch die Konstruktionszeichnung und -berechnung f\u00fcr den EAO um in die Serienfertigung einzusteigen.<\/p>\n<p><span style=\"font-size: 14px; color: var( --e-global-color-text );\">Das Land Baden-W\u00fcrttemberg nimmt 2021 Stephan Engler mit seinem EAO in das Existenzgr\u00fcnder \u2013 Innovationsprogramm auf und begleitet den Start der Serienfertigung. Ende 2021 konnte die erste Serienmaschine in Betrieb genommen werden.<\/span><\/p>\t\t\t\t\t\t<\/div>\n\t\t\t\t<\/div>\n\t\t\t\t\t<\/div>\n\t\t<\/div>\n\t\t\t\t<div class=\"elementor-column elementor-col-50 elementor-top-column elementor-element elementor-element-07bf675\" data-id=\"07bf675\" data-element_type=\"column\">\n\t\t\t<div class=\"elementor-widget-wrap\">\n\t\t\t\t\t\t\t\t\t<\/div>\n\t\t<\/div>\n\t\t\t\t\t\t\t<\/div>\n\t\t<\/section>\n\t\t\t\t\t\t\t<\/div>\n\t\t","protected":false},"excerpt":{"rendered":"<p>\u201cEin perfekter Reitplatzboden f\u00fcr die Gesundheit von Pferd und Reiter ist meine Mission.\u201c &#8211; Stephan Engler, Gesch\u00e4ftsinhaber &#8211; Die Story Stephan Engler ist leidenschaftlicher Westernreiter. Pers\u00f6nliche negative Erfahrungen mit schlechten Reitplatzb\u00f6den lassen bei ihm die Idee reifen, selbst ein Ger\u00e4t f\u00fcr Reitplatzb\u00f6den zu entwickeln und zu bauen, welches diesem Qualit\u00e4tsanspruch gerecht werden soll. Der Startschuss [&hellip;]<\/p>\n","protected":false},"author":1,"featured_media":0,"parent":0,"menu_order":0,"comment_status":"closed","ping_status":"closed","template":"","meta":{"_monsterinsights_skip_tracking":false,"_monsterinsights_sitenote_active":false,"_monsterinsights_sitenote_note":"","_monsterinsights_sitenote_category":0},"yoast_head":"<!-- This site is optimized with the Yoast SEO plugin v19.5.1 - https:\/\/yoast.com\/wordpress\/plugins\/seo\/ -->\n<title>\u00dcber uns - Engler Arenaoptimizer<\/title>\n<meta name=\"robots\" content=\"index, follow, max-snippet:-1, max-image-preview:large, max-video-preview:-1\" \/>\n<link rel=\"canonical\" href=\"https:\/\/engler-arenaoptimizer.com\/en\/ueber-uns\/\" \/>\n<meta property=\"og:locale\" content=\"en_US\" \/>\n<meta property=\"og:type\" content=\"article\" \/>\n<meta property=\"og:title\" content=\"\u00dcber uns - Engler Arenaoptimizer\" \/>\n<meta property=\"og:description\" content=\"\u201cEin perfekter Reitplatzboden f\u00fcr die Gesundheit von Pferd und Reiter ist meine Mission.\u201c &#8211; Stephan Engler, Gesch\u00e4ftsinhaber &#8211; Die Story Stephan Engler ist leidenschaftlicher Westernreiter. Pers\u00f6nliche negative Erfahrungen mit schlechten Reitplatzb\u00f6den lassen bei ihm die Idee reifen, selbst ein Ger\u00e4t f\u00fcr Reitplatzb\u00f6den zu entwickeln und zu bauen, welches diesem Qualit\u00e4tsanspruch gerecht werden soll. Der Startschuss [&hellip;]\" \/>\n<meta property=\"og:url\" content=\"https:\/\/engler-arenaoptimizer.com\/en\/ueber-uns\/\" \/>\n<meta property=\"og:site_name\" content=\"Engler Arenaoptimizer\" \/>\n<meta property=\"article:publisher\" content=\"https:\/\/www.facebook.com\/profile.php?id=100084053844643\" \/>\n<meta property=\"article:modified_time\" content=\"2022-08-16T16:06:54+00:00\" \/>\n<meta property=\"og:image\" content=\"http:\/\/engler-arenaoptimizer.com\/wp-content\/uploads\/2022\/08\/20211220_142429-1024x768.jpg\" \/>\n<meta name=\"twitter:card\" content=\"summary_large_image\" \/>\n<meta name=\"twitter:label1\" content=\"Est. reading time\" \/>\n\t<meta name=\"twitter:data1\" content=\"2 minutes\" \/>\n<script type=\"application\/ld+json\" class=\"yoast-schema-graph\">{\"@context\":\"https:\/\/schema.org\",\"@graph\":[{\"@type\":\"WebPage\",\"@id\":\"https:\/\/engler-arenaoptimizer.com\/ueber-uns\/\",\"url\":\"https:\/\/engler-arenaoptimizer.com\/ueber-uns\/\",\"name\":\"\u00dcber uns - Engler Arenaoptimizer\",\"isPartOf\":{\"@id\":\"https:\/\/engler-arenaoptimizer.com\/#website\"},\"datePublished\":\"2022-07-14T04:34:50+00:00\",\"dateModified\":\"2022-08-16T16:06:54+00:00\",\"breadcrumb\":{\"@id\":\"https:\/\/engler-arenaoptimizer.com\/ueber-uns\/#breadcrumb\"},\"inLanguage\":\"en-US\",\"potentialAction\":[{\"@type\":\"ReadAction\",\"target\":[\"https:\/\/engler-arenaoptimizer.com\/ueber-uns\/\"]}]},{\"@type\":\"BreadcrumbList\",\"@id\":\"https:\/\/engler-arenaoptimizer.com\/ueber-uns\/#breadcrumb\",\"itemListElement\":[{\"@type\":\"ListItem\",\"position\":1,\"name\":\"Startseite\",\"item\":\"https:\/\/engler-arenaoptimizer.com\/\"},{\"@type\":\"ListItem\",\"position\":2,\"name\":\"\u00dcber uns\"}]},{\"@type\":\"WebSite\",\"@id\":\"https:\/\/engler-arenaoptimizer.com\/#website\",\"url\":\"https:\/\/engler-arenaoptimizer.com\/\",\"name\":\"Engler Arenaoptimizer\",\"description\":\"\",\"publisher\":{\"@id\":\"https:\/\/engler-arenaoptimizer.com\/#organization\"},\"potentialAction\":[{\"@type\":\"SearchAction\",\"target\":{\"@type\":\"EntryPoint\",\"urlTemplate\":\"https:\/\/engler-arenaoptimizer.com\/?s={search_term_string}\"},\"query-input\":\"required name=search_term_string\"}],\"inLanguage\":\"en-US\"},{\"@type\":\"Organization\",\"@id\":\"https:\/\/engler-arenaoptimizer.com\/#organization\",\"name\":\"Engler Arenaoptimizer\",\"url\":\"https:\/\/engler-arenaoptimizer.com\/\",\"sameAs\":[\"https:\/\/www.instagram.com\/engler_arenaoptimizer\/\",\"https:\/\/www.facebook.com\/profile.php?id=100084053844643\"],\"logo\":{\"@type\":\"ImageObject\",\"inLanguage\":\"en-US\",\"@id\":\"https:\/\/engler-arenaoptimizer.com\/#\/schema\/logo\/image\/\",\"url\":\"https:\/\/engler-arenaoptimizer.com\/wp-content\/uploads\/2022\/07\/cropped-cropped-LogoNeu.jpg\",\"contentUrl\":\"https:\/\/engler-arenaoptimizer.com\/wp-content\/uploads\/2022\/07\/cropped-cropped-LogoNeu.jpg\",\"width\":1182,\"height\":473,\"caption\":\"Engler Arenaoptimizer\"},\"image\":{\"@id\":\"https:\/\/engler-arenaoptimizer.com\/#\/schema\/logo\/image\/\"}}]}<\/script>\n<!-- \/ Yoast SEO plugin. -->","yoast_head_json":{"title":"\u00dcber uns - Engler Arenaoptimizer","robots":{"index":"index","follow":"follow","max-snippet":"max-snippet:-1","max-image-preview":"max-image-preview:large","max-video-preview":"max-video-preview:-1"},"canonical":"https:\/\/engler-arenaoptimizer.com\/en\/ueber-uns\/","og_locale":"en_US","og_type":"article","og_title":"\u00dcber uns - Engler Arenaoptimizer","og_description":"\u201cEin perfekter Reitplatzboden f\u00fcr die Gesundheit von Pferd und Reiter ist meine Mission.\u201c &#8211; Stephan Engler, Gesch\u00e4ftsinhaber &#8211; Die Story Stephan Engler ist leidenschaftlicher Westernreiter. Pers\u00f6nliche negative Erfahrungen mit schlechten Reitplatzb\u00f6den lassen bei ihm die Idee reifen, selbst ein Ger\u00e4t f\u00fcr Reitplatzb\u00f6den zu entwickeln und zu bauen, welches diesem Qualit\u00e4tsanspruch gerecht werden soll. Der Startschuss [&hellip;]","og_url":"https:\/\/engler-arenaoptimizer.com\/en\/ueber-uns\/","og_site_name":"Engler Arenaoptimizer","article_publisher":"https:\/\/www.facebook.com\/profile.php?id=100084053844643","article_modified_time":"2022-08-16T16:06:54+00:00","og_image":[{"url":"http:\/\/engler-arenaoptimizer.com\/wp-content\/uploads\/2022\/08\/20211220_142429-1024x768.jpg"}],"twitter_card":"summary_large_image","twitter_misc":{"Est. reading time":"2 minutes"},"schema":{"@context":"https:\/\/schema.org","@graph":[{"@type":"WebPage","@id":"https:\/\/engler-arenaoptimizer.com\/ueber-uns\/","url":"https:\/\/engler-arenaoptimizer.com\/ueber-uns\/","name":"\u00dcber uns - Engler Arenaoptimizer","isPartOf":{"@id":"https:\/\/engler-arenaoptimizer.com\/#website"},"datePublished":"2022-07-14T04:34:50+00:00","dateModified":"2022-08-16T16:06:54+00:00","breadcrumb":{"@id":"https:\/\/engler-arenaoptimizer.com\/ueber-uns\/#breadcrumb"},"inLanguage":"en-US","potentialAction":[{"@type":"ReadAction","target":["https:\/\/engler-arenaoptimizer.com\/ueber-uns\/"]}]},{"@type":"BreadcrumbList","@id":"https:\/\/engler-arenaoptimizer.com\/ueber-uns\/#breadcrumb","itemListElement":[{"@type":"ListItem","position":1,"name":"Startseite","item":"https:\/\/engler-arenaoptimizer.com\/"},{"@type":"ListItem","position":2,"name":"\u00dcber uns"}]},{"@type":"WebSite","@id":"https:\/\/engler-arenaoptimizer.com\/#website","url":"https:\/\/engler-arenaoptimizer.com\/","name":"Engler Arenaoptimizer","description":"","publisher":{"@id":"https:\/\/engler-arenaoptimizer.com\/#organization"},"potentialAction":[{"@type":"SearchAction","target":{"@type":"EntryPoint","urlTemplate":"https:\/\/engler-arenaoptimizer.com\/?s={search_term_string}"},"query-input":"required name=search_term_string"}],"inLanguage":"en-US"},{"@type":"Organization","@id":"https:\/\/engler-arenaoptimizer.com\/#organization","name":"Engler Arenaoptimizer","url":"https:\/\/engler-arenaoptimizer.com\/","sameAs":["https:\/\/www.instagram.com\/engler_arenaoptimizer\/","https:\/\/www.facebook.com\/profile.php?id=100084053844643"],"logo":{"@type":"ImageObject","inLanguage":"en-US","@id":"https:\/\/engler-arenaoptimizer.com\/#\/schema\/logo\/image\/","url":"https:\/\/engler-arenaoptimizer.com\/wp-content\/uploads\/2022\/07\/cropped-cropped-LogoNeu.jpg","contentUrl":"https:\/\/engler-arenaoptimizer.com\/wp-content\/uploads\/2022\/07\/cropped-cropped-LogoNeu.jpg","width":1182,"height":473,"caption":"Engler Arenaoptimizer"},"image":{"@id":"https:\/\/engler-arenaoptimizer.com\/#\/schema\/logo\/image\/"}}]}},"_links":{"self":[{"href":"https:\/\/engler-arenaoptimizer.com\/en\/wp-json\/wp\/v2\/pages\/6804"}],"collection":[{"href":"https:\/\/engler-arenaoptimizer.com\/en\/wp-json\/wp\/v2\/pages"}],"about":[{"href":"https:\/\/engler-arenaoptimizer.com\/en\/wp-json\/wp\/v2\/types\/page"}],"author":[{"embeddable":true,"href":"https:\/\/engler-arenaoptimizer.com\/en\/wp-json\/wp\/v2\/users\/1"}],"replies":[{"embeddable":true,"href":"https:\/\/engler-arenaoptimizer.com\/en\/wp-json\/wp\/v2\/comments?post=6804"}],"version-history":[{"count":35,"href":"https:\/\/engler-arenaoptimizer.com\/en\/wp-json\/wp\/v2\/pages\/6804\/revisions"}],"predecessor-version":[{"id":7645,"href":"https:\/\/engler-arenaoptimizer.com\/en\/wp-json\/wp\/v2\/pages\/6804\/revisions\/7645"}],"wp:attachment":[{"href":"https:\/\/engler-arenaoptimizer.com\/en\/wp-json\/wp\/v2\/media?parent=6804"}],"curies":[{"name":"wp","href":"https:\/\/api.w.org\/{rel}","templated":true}]}}